{"id":8181,"date":"2022-09-01T16:39:32","date_gmt":"2022-09-01T19:39:32","guid":{"rendered":"https:\/\/www.didomenicapalermo.com.ar\/blog\/?page_id=8181"},"modified":"2022-09-01T16:39:33","modified_gmt":"2022-09-01T19:39:33","slug":"politica-de-cookies-de-di-domenica-palermo","status":"publish","type":"page","link":"https:\/\/www.didomenicapalermo.com.ar\/blog\/politica-de-cookies-de-di-domenica-palermo","title":{"rendered":"Pol\u00edtica de cookies de Di Domenica Palermo"},"content":{"rendered":"\n<p>Esta es la Pol\u00edtica de Cookies de Di Domenica Palermo, accesible desde https:\/\/www.didomenicapalermo.com.ar\/blog\/<\/p>\n\n\n\n<p><strong>\u00bfQu\u00e9 son las cookies?<\/strong><\/p>\n\n\n\n<p>Como es pr\u00e1ctica com\u00fan en casi todos los sitios web profesionales, este sitio utiliza cookies, que son peque\u00f1os archivos que se descargan en su computadora, para mejorar su experiencia.&nbsp;Esta p\u00e1gina describe qu\u00e9 informaci\u00f3n recopilan, c\u00f3mo la usamos y por qu\u00e9 a veces necesitamos almacenar estas cookies.&nbsp;Tambi\u00e9n compartiremos c\u00f3mo puede evitar que se almacenen estas cookies; sin embargo, esto puede degradar o \u00abromper\u00bb ciertos elementos de la funcionalidad de los sitios.<\/p>\n\n\n\n<p><strong>C\u00f3mo usamos las cookies<\/strong><\/p>\n\n\n\n<p>Usamos cookies por una variedad de razones que se detallan a continuaci\u00f3n.&nbsp;Desafortunadamente, en la mayor\u00eda de los casos, no existen opciones est\u00e1ndar de la industria para deshabilitar las cookies sin deshabilitar por completo la funcionalidad y las caracter\u00edsticas que agregan a este sitio.&nbsp;Se recomienda que deje activadas todas las cookies si no est\u00e1 seguro de si las necesita o no en caso de que se utilicen para proporcionar un servicio que utiliza.<\/p>\n\n\n\n<p><strong>Deshabilitar cookies<\/strong><\/p>\n\n\n\n<p>Puede evitar la configuraci\u00f3n de cookies ajustando la configuraci\u00f3n de su navegador (consulte la Ayuda de su navegador para saber c\u00f3mo hacerlo).&nbsp;Tenga en cuenta que deshabilitar las cookies afectar\u00e1 la funcionalidad de este y muchos otros sitios web que visite.&nbsp;La desactivaci\u00f3n de las cookies generalmente resultar\u00e1 en la desactivaci\u00f3n tambi\u00e9n de ciertas funciones y caracter\u00edsticas de este sitio.&nbsp;Por lo tanto, se recomienda que no deshabilite las cookies.&nbsp;Esta Pol\u00edtica de Cookies ha sido creada con la ayuda del&nbsp;Generador de Pol\u00edticas de Cookies&nbsp;.<\/p>\n\n\n\n<p><strong>Las cookies que configuramos<\/strong><\/p>\n\n\n\n<ul class=\"wp-block-list\"><li>Cookies relacionadas con formulariosCuando env\u00eda datos a trav\u00e9s de un formulario como los que se encuentran en las p\u00e1ginas de contacto o formularios de comentarios, se pueden configurar cookies para recordar sus datos de usuario para correspondencia futura.<\/li><\/ul>\n\n\n\n<p><strong>Cookies de terceros<\/strong><\/p>\n\n\n\n<p>En algunos casos especiales, tambi\u00e9n utilizamos cookies proporcionadas por terceros de confianza.&nbsp;La siguiente secci\u00f3n detalla qu\u00e9 cookies de terceros puede encontrar a trav\u00e9s de este sitio.<\/p>\n\n\n\n<ul class=\"wp-block-list\"><li>Este sitio utiliza Google Analytics, que es una de las soluciones de an\u00e1lisis m\u00e1s extendidas y confiables en la web para ayudarnos a comprender c\u00f3mo usa el sitio y las formas en que podemos mejorar su experiencia.&nbsp;Estas cookies pueden rastrear cosas como cu\u00e1nto tiempo pasa en el sitio y las p\u00e1ginas que visita para que podamos continuar produciendo contenido atractivo.Para obtener m\u00e1s informaci\u00f3n sobre las cookies de Google Analytics, consulte la p\u00e1gina oficial de Google Analytics.<\/li><li>El servicio Google AdSense que utilizamos para publicar anuncios utiliza una cookie de DoubleClick para publicar anuncios m\u00e1s relevantes en la web y limitar la cantidad de veces que se le muestra un anuncio determinado.Para obtener m\u00e1s informaci\u00f3n sobre Google AdSense, consulte las preguntas frecuentes oficiales sobre privacidad de Google AdSense.<\/li><\/ul>\n\n\n\n<p><strong>M\u00e1s informaci\u00f3n<\/strong><\/p>\n\n\n\n<p>Con suerte, eso le ha aclarado las cosas y, como se mencion\u00f3 anteriormente, si hay algo que no est\u00e1 seguro de si necesita o no, generalmente es m\u00e1s seguro dejar las cookies habilitadas en caso de que interact\u00fae con una de las funciones que usa en nuestro sitio.<\/p>\n\n\n\n<p>Para obtener m\u00e1s informaci\u00f3n general sobre las cookies, lea&nbsp;el art\u00edculo Pol\u00edtica de cookies&nbsp;.<\/p>\n\n\n\n<p>Sin embargo, si todav\u00eda est\u00e1 buscando m\u00e1s informaci\u00f3n, puede contactarnos a trav\u00e9s de uno de nuestros m\u00e9todos de contacto preferidos:<\/p>\n\n\n\n<ul class=\"wp-block-list\"><li>Correo electr\u00f3nico:&nbsp;didomenicapalermo@gmail.com<\/li><\/ul>\n","protected":false},"excerpt":{"rendered":"<p>Esta es la Pol\u00edtica de Cookies de Di Domenica Palermo, accesible desde https:\/\/www.didomenicapalermo.com.ar\/blog\/ \u00bfQu\u00e9 son las cookies? Como es pr\u00e1ctica com\u00fan en casi todos los sitios web profesionales, este sitio utiliza cookies, que son peque\u00f1os archivos que se descargan en su computadora, para mejorar su experiencia.&nbsp;Esta p\u00e1gina describe qu\u00e9 informaci\u00f3n recopilan, c\u00f3mo la usamos y &#8230; <a title=\"Pol\u00edtica de cookies de Di Domenica Palermo\" class=\"read-more\" href=\"https:\/\/www.didomenicapalermo.com.ar\/blog\/politica-de-cookies-de-di-domenica-palermo\" aria-label=\"Leer m\u00e1s sobre Pol\u00edtica de cookies de Di Domenica Palermo\">Leer m\u00e1s<\/a><\/p>\n","protected":false},"author":8,"featured_media":0,"parent":0,"menu_order":0,"comment_status":"closed","ping_status":"closed","template":"","meta":{"_coblocks_attr":"","_coblocks_dimensions":"","_coblocks_responsive_height":"","_coblocks_accordion_ie_support":"","_joinchat":[],"footnotes":""},"class_list":["post-8181","page","type-page","status-publish"],"featured_image_src":null,"yoast_head":"<!-- This site is optimized with the Yoast SEO plugin v27.2 - https:\/\/yoast.com\/product\/yoast-seo-wordpress\/ -->\n<title>Pol\u00edtica de cookies de Di Domenica Palermo - Inmobiliaria Di Domenica Palermo<\/title>\n<meta name=\"robots\" content=\"index, follow, max-snippet:-1, max-image-preview:large, max-video-preview:-1\" \/>\n<link rel=\"canonical\" href=\"https:\/\/www.didomenicapalermo.com.ar\/blog\/politica-de-cookies-de-di-domenica-palermo\" \/>\n<meta property=\"og:locale\" content=\"es_ES\" \/>\n<meta property=\"og:type\" content=\"article\" \/>\n<meta property=\"og:title\" content=\"Pol\u00edtica de cookies de Di Domenica Palermo - Inmobiliaria Di Domenica Palermo\" \/>\n<meta property=\"og:description\" content=\"Esta es la Pol\u00edtica de Cookies de Di Domenica Palermo, accesible desde https:\/\/www.didomenicapalermo.com.ar\/blog\/ \u00bfQu\u00e9 son las cookies? Como es pr\u00e1ctica com\u00fan en casi todos los sitios web profesionales, este sitio utiliza cookies, que son peque\u00f1os archivos que se descargan en su computadora, para mejorar su experiencia.&nbsp;Esta p\u00e1gina describe qu\u00e9 informaci\u00f3n recopilan, c\u00f3mo la usamos y ... Leer m\u00e1s\" \/>\n<meta property=\"og:url\" content=\"https:\/\/www.didomenicapalermo.com.ar\/blog\/politica-de-cookies-de-di-domenica-palermo\" \/>\n<meta property=\"og:site_name\" content=\"Inmobiliaria Di Domenica Palermo\" \/>\n<meta property=\"article:publisher\" content=\"https:\/\/www.facebook.com\/InmobiliariasenEscobar\" \/>\n<meta property=\"article:modified_time\" content=\"2022-09-01T19:39:33+00:00\" \/>\n<meta name=\"twitter:label1\" content=\"Tiempo de lectura\" \/>\n\t<meta name=\"twitter:data1\" content=\"3 minutos\" \/>\n<script type=\"application\/ld+json\" class=\"yoast-schema-graph\">{\"@context\":\"https:\/\/schema.org\",\"@graph\":[{\"@type\":\"WebPage\",\"@id\":\"https:\/\/www.didomenicapalermo.com.ar\/blog\/politica-de-cookies-de-di-domenica-palermo\",\"url\":\"https:\/\/www.didomenicapalermo.com.ar\/blog\/politica-de-cookies-de-di-domenica-palermo\",\"name\":\"Pol\u00edtica de cookies de Di Domenica Palermo - Inmobiliaria Di Domenica Palermo\",\"isPartOf\":{\"@id\":\"https:\/\/www.didomenicapalermo.com.ar\/blog\/#website\"},\"datePublished\":\"2022-09-01T19:39:32+00:00\",\"dateModified\":\"2022-09-01T19:39:33+00:00\",\"breadcrumb\":{\"@id\":\"https:\/\/www.didomenicapalermo.com.ar\/blog\/politica-de-cookies-de-di-domenica-palermo#breadcrumb\"},\"inLanguage\":\"es\",\"potentialAction\":[{\"@type\":\"ReadAction\",\"target\":[\"https:\/\/www.didomenicapalermo.com.ar\/blog\/politica-de-cookies-de-di-domenica-palermo\"]}]},{\"@type\":\"BreadcrumbList\",\"@id\":\"https:\/\/www.didomenicapalermo.com.ar\/blog\/politica-de-cookies-de-di-domenica-palermo#breadcrumb\",\"itemListElement\":[{\"@type\":\"ListItem\",\"position\":1,\"name\":\"Home\",\"item\":\"https:\/\/www.didomenicapalermo.com.ar\/blog\/\"},{\"@type\":\"ListItem\",\"position\":2,\"name\":\"Pol\u00edtica de cookies de Di Domenica Palermo\"}]},{\"@type\":\"WebSite\",\"@id\":\"https:\/\/www.didomenicapalermo.com.ar\/blog\/#website\",\"url\":\"https:\/\/www.didomenicapalermo.com.ar\/blog\/\",\"name\":\"Inmobiliaria Di Domenica Palermo\",\"description\":\"Inmobiliaria especializada en Escobar y Zona Norte. Venta y alquiler de casas, departamentos, countries y barrios privados.\",\"publisher\":{\"@id\":\"https:\/\/www.didomenicapalermo.com.ar\/blog\/#organization\"},\"alternateName\":\"Blog Inmobiliario de Zona Norte\",\"potentialAction\":[{\"@type\":\"SearchAction\",\"target\":{\"@type\":\"EntryPoint\",\"urlTemplate\":\"https:\/\/www.didomenicapalermo.com.ar\/blog\/?s={search_term_string}\"},\"query-input\":{\"@type\":\"PropertyValueSpecification\",\"valueRequired\":true,\"valueName\":\"search_term_string\"}}],\"inLanguage\":\"es\"},{\"@type\":\"Organization\",\"@id\":\"https:\/\/www.didomenicapalermo.com.ar\/blog\/#organization\",\"name\":\"Inmobiliaria Di Domenica Palermo\",\"alternateName\":\"Agencia inmobiliaria de zona norte Buenos Aires\",\"url\":\"https:\/\/www.didomenicapalermo.com.ar\/blog\/\",\"logo\":{\"@type\":\"ImageObject\",\"inLanguage\":\"es\",\"@id\":\"https:\/\/www.didomenicapalermo.com.ar\/blog\/#\/schema\/logo\/image\/\",\"url\":\"https:\/\/www.didomenicapalermo.com.ar\/blog\/wp-content\/uploads\/2023\/07\/cropped-ddp-blog.png\",\"contentUrl\":\"https:\/\/www.didomenicapalermo.com.ar\/blog\/wp-content\/uploads\/2023\/07\/cropped-ddp-blog.png\",\"width\":314,\"height\":70,\"caption\":\"Inmobiliaria Di Domenica Palermo\"},\"image\":{\"@id\":\"https:\/\/www.didomenicapalermo.com.ar\/blog\/#\/schema\/logo\/image\/\"},\"sameAs\":[\"https:\/\/www.facebook.com\/InmobiliariasenEscobar\",\"https:\/\/www.youtube.com\/channel\/UCwRtrz67KDg1f1F-xJeiVlA\",\"https:\/\/www.instagram.com\/didomenicapalermo\/\"]}]}<\/script>\n<!-- \/ Yoast SEO plugin. -->","yoast_head_json":{"title":"Pol\u00edtica de cookies de Di Domenica Palermo - Inmobiliaria Di Domenica Palermo","robots":{"index":"index","follow":"follow","max-snippet":"max-snippet:-1","max-image-preview":"max-image-preview:large","max-video-preview":"max-video-preview:-1"},"canonical":"https:\/\/www.didomenicapalermo.com.ar\/blog\/politica-de-cookies-de-di-domenica-palermo","og_locale":"es_ES","og_type":"article","og_title":"Pol\u00edtica de cookies de Di Domenica Palermo - Inmobiliaria Di Domenica Palermo","og_description":"Esta es la Pol\u00edtica de Cookies de Di Domenica Palermo, accesible desde https:\/\/www.didomenicapalermo.com.ar\/blog\/ \u00bfQu\u00e9 son las cookies? Como es pr\u00e1ctica com\u00fan en casi todos los sitios web profesionales, este sitio utiliza cookies, que son peque\u00f1os archivos que se descargan en su computadora, para mejorar su experiencia.&nbsp;Esta p\u00e1gina describe qu\u00e9 informaci\u00f3n recopilan, c\u00f3mo la usamos y ... Leer m\u00e1s","og_url":"https:\/\/www.didomenicapalermo.com.ar\/blog\/politica-de-cookies-de-di-domenica-palermo","og_site_name":"Inmobiliaria Di Domenica Palermo","article_publisher":"https:\/\/www.facebook.com\/InmobiliariasenEscobar","article_modified_time":"2022-09-01T19:39:33+00:00","twitter_misc":{"Tiempo de lectura":"3 minutos"},"schema":{"@context":"https:\/\/schema.org","@graph":[{"@type":"WebPage","@id":"https:\/\/www.didomenicapalermo.com.ar\/blog\/politica-de-cookies-de-di-domenica-palermo","url":"https:\/\/www.didomenicapalermo.com.ar\/blog\/politica-de-cookies-de-di-domenica-palermo","name":"Pol\u00edtica de cookies de Di Domenica Palermo - Inmobiliaria Di Domenica Palermo","isPartOf":{"@id":"https:\/\/www.didomenicapalermo.com.ar\/blog\/#website"},"datePublished":"2022-09-01T19:39:32+00:00","dateModified":"2022-09-01T19:39:33+00:00","breadcrumb":{"@id":"https:\/\/www.didomenicapalermo.com.ar\/blog\/politica-de-cookies-de-di-domenica-palermo#breadcrumb"},"inLanguage":"es","potentialAction":[{"@type":"ReadAction","target":["https:\/\/www.didomenicapalermo.com.ar\/blog\/politica-de-cookies-de-di-domenica-palermo"]}]},{"@type":"BreadcrumbList","@id":"https:\/\/www.didomenicapalermo.com.ar\/blog\/politica-de-cookies-de-di-domenica-palermo#breadcrumb","itemListElement":[{"@type":"ListItem","position":1,"name":"Home","item":"https:\/\/www.didomenicapalermo.com.ar\/blog\/"},{"@type":"ListItem","position":2,"name":"Pol\u00edtica de cookies de Di Domenica Palermo"}]},{"@type":"WebSite","@id":"https:\/\/www.didomenicapalermo.com.ar\/blog\/#website","url":"https:\/\/www.didomenicapalermo.com.ar\/blog\/","name":"Inmobiliaria Di Domenica Palermo","description":"Inmobiliaria especializada en Escobar y Zona Norte. Venta y alquiler de casas, departamentos, countries y barrios privados.","publisher":{"@id":"https:\/\/www.didomenicapalermo.com.ar\/blog\/#organization"},"alternateName":"Blog Inmobiliario de Zona Norte","potentialAction":[{"@type":"SearchAction","target":{"@type":"EntryPoint","urlTemplate":"https:\/\/www.didomenicapalermo.com.ar\/blog\/?s={search_term_string}"},"query-input":{"@type":"PropertyValueSpecification","valueRequired":true,"valueName":"search_term_string"}}],"inLanguage":"es"},{"@type":"Organization","@id":"https:\/\/www.didomenicapalermo.com.ar\/blog\/#organization","name":"Inmobiliaria Di Domenica Palermo","alternateName":"Agencia inmobiliaria de zona norte Buenos Aires","url":"https:\/\/www.didomenicapalermo.com.ar\/blog\/","logo":{"@type":"ImageObject","inLanguage":"es","@id":"https:\/\/www.didomenicapalermo.com.ar\/blog\/#\/schema\/logo\/image\/","url":"https:\/\/www.didomenicapalermo.com.ar\/blog\/wp-content\/uploads\/2023\/07\/cropped-ddp-blog.png","contentUrl":"https:\/\/www.didomenicapalermo.com.ar\/blog\/wp-content\/uploads\/2023\/07\/cropped-ddp-blog.png","width":314,"height":70,"caption":"Inmobiliaria Di Domenica Palermo"},"image":{"@id":"https:\/\/www.didomenicapalermo.com.ar\/blog\/#\/schema\/logo\/image\/"},"sameAs":["https:\/\/www.facebook.com\/InmobiliariasenEscobar","https:\/\/www.youtube.com\/channel\/UCwRtrz67KDg1f1F-xJeiVlA","https:\/\/www.instagram.com\/didomenicapalermo\/"]}]}},"_links":{"self":[{"href":"https:\/\/www.didomenicapalermo.com.ar\/blog\/wp-json\/wp\/v2\/pages\/8181","targetHints":{"allow":["GET"]}}],"collection":[{"href":"https:\/\/www.didomenicapalermo.com.ar\/blog\/wp-json\/wp\/v2\/pages"}],"about":[{"href":"https:\/\/www.didomenicapalermo.com.ar\/blog\/wp-json\/wp\/v2\/types\/page"}],"author":[{"embeddable":true,"href":"https:\/\/www.didomenicapalermo.com.ar\/blog\/wp-json\/wp\/v2\/users\/8"}],"replies":[{"embeddable":true,"href":"https:\/\/www.didomenicapalermo.com.ar\/blog\/wp-json\/wp\/v2\/comments?post=8181"}],"version-history":[{"count":1,"href":"https:\/\/www.didomenicapalermo.com.ar\/blog\/wp-json\/wp\/v2\/pages\/8181\/revisions"}],"predecessor-version":[{"id":8187,"href":"https:\/\/www.didomenicapalermo.com.ar\/blog\/wp-json\/wp\/v2\/pages\/8181\/revisions\/8187"}],"wp:attachment":[{"href":"https:\/\/www.didomenicapalermo.com.ar\/blog\/wp-json\/wp\/v2\/media?parent=8181"}],"curies":[{"name":"wp","href":"https:\/\/api.w.org\/{rel}","templated":true}]}}